{"id":661,"date":"2016-11-17T10:50:47","date_gmt":"2016-11-17T10:50:47","guid":{"rendered":"http:\/\/espaisdfusta.com\/serveis\/?lang=es"},"modified":"2020-11-04T09:19:07","modified_gmt":"2020-11-04T09:19:07","slug":"servicios","status":"publish","type":"page","link":"https:\/\/espaisdfusta.com\/es\/servicios\/","title":{"rendered":"Servicios"},"content":{"rendered":"<section  class=\"vc_section section no pb-100\"><div class=\"row\"><div class=\"wpb_column col-md-2 col-sm-3 wow zoomIn have-padding\" data-wow-delay=\"0.2s\"><div class=\"item-padd-mob section-text text-block \" ><div class=\"simple-text md\"><div class=\"title-style-2 text-next\">\n<div class=\"sub-title\">\n<h5 class=\"h5\">Que hacemos<\/h5>\n<\/div>\n<\/div>\n<\/div><\/div><\/div><div class=\"wpb_column col-md-10 col-sm-9 wow zoomIn have-padding\" data-wow-delay=\"0.4s\"><div class=\"item-padd-mob section-text text-block \" ><div class=\"simple-text md\"><div class=\"simple-text\">\n<p>Todo tipo de mobiliario a medida y los complementos que la integran: la iluminaci\u00f3n, la metalizaci\u00f3n, la cristaler\u00eda y la ferreter\u00eda. Muebles tanto para el particular que quiera tener un mueble personalizado y hecho a medida, como para el arquitecto y decorador que nos aporte proyectos integrales de viviendas o de locales comerciales.<\/p>\n<\/div>\n<\/div><\/div><\/div><\/div><\/section>\n\n\n<figure class=\"wp-block-image size-large is-resized is-style-default\"><img loading=\"lazy\" decoding=\"async\" src=\"http:\/\/espaisdfusta.com\/wp-content\/uploads\/2020\/11\/pagina-ofici-1024x727.jpg\" alt=\"\" class=\"wp-image-1738\" width=\"408\" height=\"289\" srcset=\"https:\/\/espaisdfusta.com\/wp-content\/uploads\/2020\/11\/pagina-ofici-1024x727.jpg 1024w, https:\/\/espaisdfusta.com\/wp-content\/uploads\/2020\/11\/pagina-ofici-300x213.jpg 300w, https:\/\/espaisdfusta.com\/wp-content\/uploads\/2020\/11\/pagina-ofici-768x545.jpg 768w, https:\/\/espaisdfusta.com\/wp-content\/uploads\/2020\/11\/pagina-ofici-1536x1091.jpg 1536w, https:\/\/espaisdfusta.com\/wp-content\/uploads\/2020\/11\/pagina-ofici-2048x1454.jpg 2048w\" sizes=\"auto, (max-width: 408px) 100vw, 408px\" \/><figcaption><strong><span class=\"has-inline-color has-vivid-red-color\">OFICINAS<\/span><\/strong>: -Cad\/Cam \/ Bim  \/ Planos constructivos<\/figcaption><\/figure>\n\n\n\n<p><\/p>\n\n\n\n<figure class=\"wp-block-image is-resized\"><img loading=\"lazy\" decoding=\"async\" src=\"http:\/\/espaisdfusta.com\/wp-content\/uploads\/2020\/11\/pagina-fabr-1024x727.jpg\" alt=\"\" class=\"wp-image-1740\" width=\"408\" height=\"289\" srcset=\"https:\/\/espaisdfusta.com\/wp-content\/uploads\/2020\/11\/pagina-fabr-1024x727.jpg 1024w, https:\/\/espaisdfusta.com\/wp-content\/uploads\/2020\/11\/pagina-fabr-300x213.jpg 300w, https:\/\/espaisdfusta.com\/wp-content\/uploads\/2020\/11\/pagina-fabr-768x545.jpg 768w, https:\/\/espaisdfusta.com\/wp-content\/uploads\/2020\/11\/pagina-fabr-1536x1091.jpg 1536w, https:\/\/espaisdfusta.com\/wp-content\/uploads\/2020\/11\/pagina-fabr-2048x1454.jpg 2048w\" sizes=\"auto, (max-width: 408px) 100vw, 408px\" \/><figcaption><strong><span class=\"has-inline-color has-vivid-red-color\">FABRICACI\u00d3N<\/span>:<\/strong> 1900m2<\/figcaption><\/figure>\n\n\n\n<figure class=\"wp-block-image size-large is-resized\"><img loading=\"lazy\" decoding=\"async\" src=\"http:\/\/espaisdfusta.com\/wp-content\/uploads\/2020\/11\/paginacnc-1024x704.jpg\" alt=\"\" class=\"wp-image-1751\" width=\"408\" height=\"289\"\/><figcaption><strong><span class=\"has-inline-color has-vivid-red-color\">CNC<\/span>:<\/strong> Control num\u00e9rico 3 y 5 ejes<\/figcaption><\/figure>\n\n\n\n<figure class=\"wp-block-image size-large is-resized\"><img loading=\"lazy\" decoding=\"async\" src=\"http:\/\/espaisdfusta.com\/wp-content\/uploads\/2020\/11\/paginacabina-1024x774.jpg\" alt=\"\" class=\"wp-image-1755\" width=\"408\" height=\"289\"\/><figcaption><span class=\"has-inline-color has-vivid-red-color\"><strong>CABINA DE PINTURA:<\/strong> <\/span>Todo tipo de acabados en laca y pintura.<\/figcaption><\/figure>\n\n\n\n<figure class=\"wp-block-image size-large is-resized\"><img loading=\"lazy\" decoding=\"async\" src=\"http:\/\/espaisdfusta.com\/wp-content\/uploads\/2020\/11\/paginamontajes-1024x878.jpg\" alt=\"\" class=\"wp-image-1760\" width=\"408\" height=\"289\"\/><figcaption><strong><span class=\"has-inline-color has-vivid-red-color\">MONTAJES:<\/span><\/strong> Nacionales e internacionales.<\/figcaption><\/figure>\n","protected":false},"excerpt":{"rendered":"Que hacemos Todo tipo de mobiliario a medida y los complementos que la integran: la iluminaci\u00f3n, la metalizaci\u00f3n, la cristaler\u00eda y la ferreter\u00eda. Muebles tanto para el particular que quiera tener un mueble personalizado y hecho a medida, como para el arquitecto y decorador que nos aporte proyectos integrales de viviendas o de locales comerciales. [...]","protected":false},"author":1,"featured_media":0,"parent":0,"menu_order":0,"comment_status":"closed","ping_status":"closed","template":"","meta":{"_acf_changed":false,"footnotes":""},"class_list":["post-661","page","type-page","status-publish","hentry"],"acf":[],"yoast_head":"<!-- This site is optimized with the Yoast SEO plugin v25.0 - https:\/\/yoast.com\/wordpress\/plugins\/seo\/ -->\n<title>Servicios - Espais D-Fusta<\/title>\n<meta name=\"robots\" content=\"index, follow, max-snippet:-1, max-image-preview:large, max-video-preview:-1\" \/>\n<link rel=\"canonical\" href=\"https:\/\/espaisdfusta.com\/es\/servicios\/\" \/>\n<meta property=\"og:locale\" content=\"es_ES\" \/>\n<meta property=\"og:type\" content=\"article\" \/>\n<meta property=\"og:title\" content=\"Servicios - Espais D-Fusta\" \/>\n<meta property=\"og:url\" content=\"https:\/\/espaisdfusta.com\/es\/servicios\/\" \/>\n<meta property=\"og:site_name\" content=\"Espais D-Fusta\" \/>\n<meta property=\"article:modified_time\" content=\"2020-11-04T09:19:07+00:00\" \/>\n<meta property=\"og:image\" content=\"http:\/\/espaisdfusta.com\/wp-content\/uploads\/2020\/11\/pagina-ofici-1024x727.jpg\" \/>\n<meta name=\"twitter:card\" content=\"summary_large_image\" \/>\n<meta name=\"twitter:label1\" content=\"Tiempo de lectura\" \/>\n\t<meta name=\"twitter:data1\" content=\"1 minuto\" \/>\n<script type=\"application\/ld+json\" class=\"yoast-schema-graph\">{\"@context\":\"https:\/\/schema.org\",\"@graph\":[{\"@type\":\"WebPage\",\"@id\":\"https:\/\/espaisdfusta.com\/es\/servicios\/\",\"url\":\"https:\/\/espaisdfusta.com\/es\/servicios\/\",\"name\":\"Servicios - Espais D-Fusta\",\"isPartOf\":{\"@id\":\"https:\/\/espaisdfusta.com\/#website\"},\"primaryImageOfPage\":{\"@id\":\"https:\/\/espaisdfusta.com\/es\/servicios\/#primaryimage\"},\"image\":{\"@id\":\"https:\/\/espaisdfusta.com\/es\/servicios\/#primaryimage\"},\"thumbnailUrl\":\"http:\/\/espaisdfusta.com\/wp-content\/uploads\/2020\/11\/pagina-ofici-1024x727.jpg\",\"datePublished\":\"2016-11-17T10:50:47+00:00\",\"dateModified\":\"2020-11-04T09:19:07+00:00\",\"breadcrumb\":{\"@id\":\"https:\/\/espaisdfusta.com\/es\/servicios\/#breadcrumb\"},\"inLanguage\":\"es\",\"potentialAction\":[{\"@type\":\"ReadAction\",\"target\":[\"https:\/\/espaisdfusta.com\/es\/servicios\/\"]}]},{\"@type\":\"ImageObject\",\"inLanguage\":\"es\",\"@id\":\"https:\/\/espaisdfusta.com\/es\/servicios\/#primaryimage\",\"url\":\"http:\/\/espaisdfusta.com\/wp-content\/uploads\/2020\/11\/pagina-ofici-1024x727.jpg\",\"contentUrl\":\"http:\/\/espaisdfusta.com\/wp-content\/uploads\/2020\/11\/pagina-ofici-1024x727.jpg\"},{\"@type\":\"BreadcrumbList\",\"@id\":\"https:\/\/espaisdfusta.com\/es\/servicios\/#breadcrumb\",\"itemListElement\":[{\"@type\":\"ListItem\",\"position\":1,\"name\":\"Inici\",\"item\":\"https:\/\/espaisdfusta.com\/es\/\"},{\"@type\":\"ListItem\",\"position\":2,\"name\":\"Servicios\"}]},{\"@type\":\"WebSite\",\"@id\":\"https:\/\/espaisdfusta.com\/#website\",\"url\":\"https:\/\/espaisdfusta.com\/\",\"name\":\"Espais D-Fusta\",\"description\":\"Altre lloc gestionat amb el WordPress\",\"potentialAction\":[{\"@type\":\"SearchAction\",\"target\":{\"@type\":\"EntryPoint\",\"urlTemplate\":\"https:\/\/espaisdfusta.com\/?s={search_term_string}\"},\"query-input\":{\"@type\":\"PropertyValueSpecification\",\"valueRequired\":true,\"valueName\":\"search_term_string\"}}],\"inLanguage\":\"es\"}]}<\/script>\n<!-- \/ Yoast SEO plugin. -->","yoast_head_json":{"title":"Servicios - Espais D-Fusta","robots":{"index":"index","follow":"follow","max-snippet":"max-snippet:-1","max-image-preview":"max-image-preview:large","max-video-preview":"max-video-preview:-1"},"canonical":"https:\/\/espaisdfusta.com\/es\/servicios\/","og_locale":"es_ES","og_type":"article","og_title":"Servicios - Espais D-Fusta","og_url":"https:\/\/espaisdfusta.com\/es\/servicios\/","og_site_name":"Espais D-Fusta","article_modified_time":"2020-11-04T09:19:07+00:00","og_image":[{"url":"http:\/\/espaisdfusta.com\/wp-content\/uploads\/2020\/11\/pagina-ofici-1024x727.jpg","type":"","width":"","height":""}],"twitter_card":"summary_large_image","twitter_misc":{"Tiempo de lectura":"1 minuto"},"schema":{"@context":"https:\/\/schema.org","@graph":[{"@type":"WebPage","@id":"https:\/\/espaisdfusta.com\/es\/servicios\/","url":"https:\/\/espaisdfusta.com\/es\/servicios\/","name":"Servicios - Espais D-Fusta","isPartOf":{"@id":"https:\/\/espaisdfusta.com\/#website"},"primaryImageOfPage":{"@id":"https:\/\/espaisdfusta.com\/es\/servicios\/#primaryimage"},"image":{"@id":"https:\/\/espaisdfusta.com\/es\/servicios\/#primaryimage"},"thumbnailUrl":"http:\/\/espaisdfusta.com\/wp-content\/uploads\/2020\/11\/pagina-ofici-1024x727.jpg","datePublished":"2016-11-17T10:50:47+00:00","dateModified":"2020-11-04T09:19:07+00:00","breadcrumb":{"@id":"https:\/\/espaisdfusta.com\/es\/servicios\/#breadcrumb"},"inLanguage":"es","potentialAction":[{"@type":"ReadAction","target":["https:\/\/espaisdfusta.com\/es\/servicios\/"]}]},{"@type":"ImageObject","inLanguage":"es","@id":"https:\/\/espaisdfusta.com\/es\/servicios\/#primaryimage","url":"http:\/\/espaisdfusta.com\/wp-content\/uploads\/2020\/11\/pagina-ofici-1024x727.jpg","contentUrl":"http:\/\/espaisdfusta.com\/wp-content\/uploads\/2020\/11\/pagina-ofici-1024x727.jpg"},{"@type":"BreadcrumbList","@id":"https:\/\/espaisdfusta.com\/es\/servicios\/#breadcrumb","itemListElement":[{"@type":"ListItem","position":1,"name":"Inici","item":"https:\/\/espaisdfusta.com\/es\/"},{"@type":"ListItem","position":2,"name":"Servicios"}]},{"@type":"WebSite","@id":"https:\/\/espaisdfusta.com\/#website","url":"https:\/\/espaisdfusta.com\/","name":"Espais D-Fusta","description":"Altre lloc gestionat amb el WordPress","potentialAction":[{"@type":"SearchAction","target":{"@type":"EntryPoint","urlTemplate":"https:\/\/espaisdfusta.com\/?s={search_term_string}"},"query-input":{"@type":"PropertyValueSpecification","valueRequired":true,"valueName":"search_term_string"}}],"inLanguage":"es"}]}},"_links":{"self":[{"href":"https:\/\/espaisdfusta.com\/es\/wp-json\/wp\/v2\/pages\/661","targetHints":{"allow":["GET"]}}],"collection":[{"href":"https:\/\/espaisdfusta.com\/es\/wp-json\/wp\/v2\/pages"}],"about":[{"href":"https:\/\/espaisdfusta.com\/es\/wp-json\/wp\/v2\/types\/page"}],"author":[{"embeddable":true,"href":"https:\/\/espaisdfusta.com\/es\/wp-json\/wp\/v2\/users\/1"}],"replies":[{"embeddable":true,"href":"https:\/\/espaisdfusta.com\/es\/wp-json\/wp\/v2\/comments?post=661"}],"version-history":[{"count":15,"href":"https:\/\/espaisdfusta.com\/es\/wp-json\/wp\/v2\/pages\/661\/revisions"}],"predecessor-version":[{"id":1767,"href":"https:\/\/espaisdfusta.com\/es\/wp-json\/wp\/v2\/pages\/661\/revisions\/1767"}],"wp:attachment":[{"href":"https:\/\/espaisdfusta.com\/es\/wp-json\/wp\/v2\/media?parent=661"}],"curies":[{"name":"wp","href":"https:\/\/api.w.org\/{rel}","templated":true}]}}